{"id":7,"date":"2012-10-02T05:27:54","date_gmt":"2012-10-02T05:27:54","guid":{"rendered":"http:\/\/miniart.lt\/laukbaldis\/?page_id=7"},"modified":"2022-08-29T09:55:55","modified_gmt":"2022-08-29T09:55:55","slug":"katalogas","status":"publish","type":"page","link":"https:\/\/laukbaldis.lt\/en\/","title":{"rendered":"Catalog"},"content":{"rendered":"<table style=\"height: 733px;\" border=\"0\" width=\"622\" cellspacing=\"1\" cellpadding=\"1\">\n<tbody>\n<tr>\n<td>\n<p><div id=\"attachment_467\" style=\"width: 200px\" class=\"wp-caption alignnone\"><a href=\" https:\/\/laukbaldis.lt\/en\/garden-furniture\/\" rel=\"attachment wp-att-467\"><img aria-describedby=\"caption-attachment-467\" loading=\"lazy\" class=\"wp-image-467 size-thumbnail\" title=\"SODO-LAUKO-BALDAI-PUSSUNKIS\" src=\" https:\/\/laukbaldis.lt\/en\/wp-content\/uploads\/2012\/10\/SODO-LAUKO-BALDAI-PUSSUNKIS1-190x190.jpg\" alt=\"GARDEN FURNITURE\" width=\"190\" height=\"190\" \/><\/a><p id=\"caption-attachment-467\" class=\"wp-caption-text\">GARDEN FURNITURE<\/p><\/div><\/td>\n<td>\n<p><div id=\"attachment_693\" style=\"width: 200px\" class=\"wp-caption alignnone\"><a href=\"  https:\/\/laukbaldis.lt\/en\/summerhouses\/\" rel=\"attachment wp-att-468\"><img aria-describedby=\"caption-attachment-693\" loading=\"lazy\" class=\"wp-image-693 size-thumbnail\" title=\"PAV\u0116SIN\u0116-EGL\u0116-5-NR-26-5\" src=\" https:\/\/laukbaldis.lt\/en\/wp-content\/uploads\/2012\/10\/DSC_0124-190x190.jpg\" alt=\"\" width=\"190\" height=\"190\" \/><\/a><p id=\"caption-attachment-693\" class=\"wp-caption-text\">SUMMERHOUSES<\/p><\/div><\/td>\n<td>\n<p><div id=\"attachment_471\" style=\"width: 200px\" class=\"wp-caption alignnone\"><a href=\" https:\/\/laukbaldis.lt\/en\/roof-chips\/\" rel=\"attachment wp-att-471\"><img aria-describedby=\"caption-attachment-471\" loading=\"lazy\" class=\"wp-image-471 size-thumbnail\" title=\"SKIEDRINIAI-STOGAI\" src=\" https:\/\/laukbaldis.lt\/en\/wp-content\/uploads\/2012\/10\/SKIEDRINIAI-STOGAI1-190x190.jpg\" alt=\"ROOF CHIPS\" width=\"190\" height=\"190\" \/><\/a><p id=\"caption-attachment-471\" class=\"wp-caption-text\">ROOF CHIPS<\/p><\/div><\/td>\n<\/tr>\n<tr>\n<td>\n<p><div id=\"attachment_474\" style=\"width: 200px\" class=\"wp-caption alignnone\"><a href=\" https:\/\/laukbaldis.lt\/en\/bathhouses-sumemrhouses\/\" rel=\"attachment wp-att-474\"><img aria-describedby=\"caption-attachment-474\" loading=\"lazy\" class=\"wp-image-474 size-thumbnail\" title=\"PIRTYS-VASARNAMIAI-Nr2\" src=\" https:\/\/laukbaldis.lt\/en\/wp-content\/uploads\/2012\/10\/PIRTYS-VASARNAMIAI-Nr21-190x190.jpg\" alt=\"BATHHOUSES SUMEMRHOUSES \" width=\"190\" height=\"190\" \/><\/a><p id=\"caption-attachment-474\" class=\"wp-caption-text\">BATHHOUSES SUMEMRHOUSES<\/p><\/div><\/td>\n<td>\n<p><div id=\"attachment_475\" style=\"width: 200px\" class=\"wp-caption alignnone\"><a href=\" https:\/\/laukbaldis.lt\/en\/chandelier-shelveschest-of-drawers-cupboards\/\" rel=\"attachment wp-att-475\"><img aria-describedby=\"caption-attachment-475\" loading=\"lazy\" class=\"wp-image-475 size-thumbnail\" title=\"PAKABA\" src=\" https:\/\/laukbaldis.lt\/en\/wp-content\/uploads\/2012\/10\/PAKABA1-190x190.jpg\" alt=\"CHANDELIER, SHELVES,CHEST-OF-DRAWERS, CUPBOARDS\" width=\"190\" height=\"190\" \/><\/a><p id=\"caption-attachment-475\" class=\"wp-caption-text\">CHANDELIER, SHELVES,CHEST-OF-DRAWERS, CUPBOARDS<\/p><\/div><\/td>\n<td>\n<p><div id=\"attachment_476\" style=\"width: 200px\" class=\"wp-caption alignnone\"><a href=\" https:\/\/laukbaldis.lt\/en\/well\/\" rel=\"attachment wp-att-476\"><img aria-describedby=\"caption-attachment-476\" loading=\"lazy\" class=\"wp-image-476 size-thumbnail\" title=\"\u00c5 ULINYS-\u00c4\u201e\u00c5\u00bdUOLINIS-Nr2\" src=\" https:\/\/laukbaldis.lt\/en\/wp-content\/uploads\/2012\/10\/\u00c5 ULINYS-\u00c4\u201e\u00c5\u00bdUOLINIS-Nr21-190x190.jpg\" alt=\"WELL\" width=\"190\" height=\"190\" \/><\/a><p id=\"caption-attachment-476\" class=\"wp-caption-text\">WELL<\/p><\/div><\/td>\n<\/tr>\n<tr>\n<td style=\"text-align: center;\">\n<p><div id=\"attachment_477\" style=\"width: 200px\" class=\"wp-caption alignnone\"><a href=\" https:\/\/laukbaldis.lt\/en\/swing-sandbox\/\" rel=\"attachment wp-att-477\"><img aria-describedby=\"caption-attachment-477\" loading=\"lazy\" class=\"wp-image-477 size-thumbnail\" title=\"SUPYN\u00c4\u2013S-Nr7\" src=\" https:\/\/laukbaldis.lt\/en\/wp-content\/uploads\/2012\/10\/SUPYN\u00c4\u2013S-Nr71-190x190.jpg\" alt=\"SWING, SANDBOX\" width=\"190\" height=\"190\" \/><\/a><p id=\"caption-attachment-477\" class=\"wp-caption-text\">SWING, SANDBOX<\/p><\/div><\/td>\n<td style=\"text-align: center;\">\n<p><div id=\"attachment_478\" style=\"width: 200px\" class=\"wp-caption alignnone\"><a href=\" https:\/\/laukbaldis.lt\/en\/bridges-fence\/\" rel=\"attachment wp-att-478\"><img aria-describedby=\"caption-attachment-478\" loading=\"lazy\" class=\"wp-image-478 size-thumbnail\" title=\"TILTAS-Nr-1\" src=\" https:\/\/laukbaldis.lt\/en\/wp-content\/uploads\/2012\/10\/TILTAS-Nr-11-190x190.jpg\" alt=\"BRIDGES, FENCE\" width=\"190\" height=\"190\" \/><\/a><p id=\"caption-attachment-478\" class=\"wp-caption-text\">BRIDGES, FENCE<\/p><\/div><\/td>\n<td style=\"text-align: center;\">\n<p><div id=\"attachment_479\" style=\"width: 200px\" class=\"wp-caption alignnone\"><a href=\" https:\/\/laukbaldis.lt\/en\/flowerpots-doors\/\" rel=\"attachment wp-att-479\"><img aria-describedby=\"caption-attachment-479\" loading=\"lazy\" class=\"wp-image-479 size-thumbnail\" title=\"VAZONAS-Nr-10\" src=\" https:\/\/laukbaldis.lt\/en\/wp-content\/uploads\/2012\/10\/VAZONAS-Nr-101-190x190.jpg\" alt=\"FLOWERPOTS, DOORS\" width=\"190\" height=\"190\" \/><\/a><p id=\"caption-attachment-479\" class=\"wp-caption-text\">FLOWERPOTS, DOORS<\/p><\/div><\/td>\n<\/tr>\n<\/tbody>\n<\/table>\n<p>&nbsp;<\/p>\n","protected":false},"excerpt":{"rendered":"<p>&nbsp;<\/p>\n<div class=\"placiaukategorijos\"><a href=\"https:\/\/laukbaldis.lt\/en\/\">Pla\u010diau...<\/a><\/div>","protected":false},"author":1,"featured_media":0,"parent":0,"menu_order":0,"comment_status":"open","ping_status":"open","template":"","meta":[],"_links":{"self":[{"href":"https:\/\/laukbaldis.lt\/en\/wp-json\/wp\/v2\/pages\/7"}],"collection":[{"href":"https:\/\/laukbaldis.lt\/en\/wp-json\/wp\/v2\/pages"}],"about":[{"href":"https:\/\/laukbaldis.lt\/en\/wp-json\/wp\/v2\/types\/page"}],"author":[{"embeddable":true,"href":"https:\/\/laukbaldis.lt\/en\/wp-json\/wp\/v2\/users\/1"}],"replies":[{"embeddable":true,"href":"https:\/\/laukbaldis.lt\/en\/wp-json\/wp\/v2\/comments?post=7"}],"version-history":[{"count":35,"href":"https:\/\/laukbaldis.lt\/en\/wp-json\/wp\/v2\/pages\/7\/revisions"}],"predecessor-version":[{"id":764,"href":"https:\/\/laukbaldis.lt\/en\/wp-json\/wp\/v2\/pages\/7\/revisions\/764"}],"wp:attachment":[{"href":"https:\/\/laukbaldis.lt\/en\/wp-json\/wp\/v2\/media?parent=7"}],"curies":[{"name":"wp","href":"https:\/\/api.w.org\/{rel}","templated":true}]}}