{"id":9,"date":"2012-10-02T05:28:03","date_gmt":"2012-10-02T05:28:03","guid":{"rendered":"http:\/\/miniart.lt\/laukbaldis\/?page_id=9"},"modified":"2022-08-29T10:30:02","modified_gmt":"2022-08-29T10:30:02","slug":"contacts","status":"publish","type":"page","link":"https:\/\/laukbaldis.lt\/en\/contacts\/","title":{"rendered":"Contacts"},"content":{"rendered":"<p><strong>UAB \u201eLaukbaldis\u201c<\/strong><\/p>\n<p>Phone.: +370 610 29545<br \/>\nCompany code 179472173<br \/>\nVAT code LT 794721716<br \/>\nAdress: Dapki\u0161ki\u0173 k. Taurag\u0117s r. sav., LIETUVA<br \/>\nBank: DNB<br \/>\nBank code: 40100<br \/>\nAccount: LT 964010041600060505<\/p>\n<p>&nbsp;<\/p>\n<p><iframe loading=\"lazy\" src=\"https:\/\/maps.google.lt\/maps?f=d&amp;source=s_d&amp;saddr=Mar%C5%A1rutas+4509&amp;daddr=&amp;hl=lt&amp;geocode=FWSESwMd7EtTAQ&amp;mra=ls&amp;sll=55.26443,22.26039&amp;sspn=0.060838,0.209255&amp;ie=UTF8&amp;t=m&amp;ll=55.264446,22.260361&amp;spn=0.093898,0.219727&amp;output=embed\" width=\"625\" height=\"250\" frameborder=\"0\" marginwidth=\"0\" marginheight=\"0\" scrolling=\"no\"><\/iframe><\/p>\n","protected":false},"excerpt":{"rendered":"<p>UAB \u201eLaukbaldis\u201c Phone.: +370 610 29545 Company code 179472173 VAT code LT 794721716 Adress: Dapki\u0161ki\u0173 k. Taurag\u0117s r. sav., LIETUVA Bank: DNB Bank code: 40100 Account: LT 964010041600060505 &nbsp;<\/p>\n<div class=\"placiaukategorijos\"><a href=\"https:\/\/laukbaldis.lt\/en\/contacts\/\">Pla\u010diau...<\/a><\/div>","protected":false},"author":1,"featured_media":0,"parent":0,"menu_order":0,"comment_status":"open","ping_status":"open","template":"","meta":[],"_links":{"self":[{"href":"https:\/\/laukbaldis.lt\/en\/wp-json\/wp\/v2\/pages\/9"}],"collection":[{"href":"https:\/\/laukbaldis.lt\/en\/wp-json\/wp\/v2\/pages"}],"about":[{"href":"https:\/\/laukbaldis.lt\/en\/wp-json\/wp\/v2\/types\/page"}],"author":[{"embeddable":true,"href":"https:\/\/laukbaldis.lt\/en\/wp-json\/wp\/v2\/users\/1"}],"replies":[{"embeddable":true,"href":"https:\/\/laukbaldis.lt\/en\/wp-json\/wp\/v2\/comments?post=9"}],"version-history":[{"count":13,"href":"https:\/\/laukbaldis.lt\/en\/wp-json\/wp\/v2\/pages\/9\/revisions"}],"predecessor-version":[{"id":766,"href":"https:\/\/laukbaldis.lt\/en\/wp-json\/wp\/v2\/pages\/9\/revisions\/766"}],"wp:attachment":[{"href":"https:\/\/laukbaldis.lt\/en\/wp-json\/wp\/v2\/media?parent=9"}],"curies":[{"name":"wp","href":"https:\/\/api.w.org\/{rel}","templated":true}]}}