{"id":100,"date":"2012-10-03T13:04:50","date_gmt":"2012-10-03T13:04:50","guid":{"rendered":"http:\/\/laukbaldis.lt\/ru\/?page_id=100"},"modified":"2017-04-04T08:25:11","modified_gmt":"2017-04-04T08:25:11","slug":"%d0%ba%d0%b0%d1%87%d0%b5%d0%bb%d0%b8-%d0%bf%d0%b5%d1%81%d0%be%d1%87%d0%bd%d0%b8%d1%86%d0%b0","status":"publish","type":"page","link":"https:\/\/laukbaldis.lt\/ru\/%d0%ba%d0%b0%d1%87%d0%b5%d0%bb%d0%b8-%d0%bf%d0%b5%d1%81%d0%be%d1%87%d0%bd%d0%b8%d1%86%d0%b0\/","title":{"rendered":"\u041a\u0430\u0447\u0435\u043b\u0438, \u043f\u0435\u0441\u043e\u0447\u043d\u0438\u0446\u0430"},"content":{"rendered":"<div id=\"tekstas\">\n<style type='text\/css'>\n\t\t\t#gallery-1 {\n\t\t\t\tmargin: auto;\n\t\t\t}\n\t\t\t#gallery-1 .gallery-item {\n\t\t\t\tfloat: left;\n\t\t\t\tmargin-top: 10px;\n\t\t\t\ttext-align: center;\n\t\t\t\twidth: 33%;\n\t\t\t}\n\t\t\t#gallery-1 img {\n\t\t\t\tborder: 2px solid #cfcfcf;\n\t\t\t}\n\t\t\t#gallery-1 .gallery-caption {\n\t\t\t\tmargin-left: 0;\n\t\t\t}\n\t\t\t\/* see gallery_shortcode() in wp-includes\/media.php *\/\n\t\t<\/style>\n<div id='gallery-1' class='gallery galleryid-100 gallery-columns-3 gallery-size-thumbnail'>\n<dl class='gallery-item'>\n<dt class='gallery-icon landscape'>\n\t\t\t\t<a href='http:\/\/laukbaldis.lt\/wp-content\/uploads\/2012\/10\/SUPYN\u00c4\u2013S-BE-STOGELIO-Nr1.jpg' rel=\"lightbox[100]\"><img loading=\"lazy\" width=\"190\" height=\"190\" src=\"http:\/\/laukbaldis.lt\/wp-content\/uploads\/2012\/10\/SUPYN\u00c4\u2013S-BE-STOGELIO-Nr1-190x190.jpg\" class=\"attachment-thumbnail size-thumbnail\" alt=\"SUPYN\u0116S-BE-STOGELIO-Nr1\" aria-describedby=\"gallery-1-410\" \/><\/a>\n\t\t\t<\/dt>\n<dd class='wp-caption-text gallery-caption' id='gallery-1-410'>\n\t\t\t\tSUPYN\u0116S-BE-STOGELIO-Nr1\n\t\t\t\t<\/dd>\n<\/dl>\n<dl class='gallery-item'>\n<dt class='gallery-icon landscape'>\n\t\t\t\t<a href='http:\/\/laukbaldis.lt\/wp-content\/uploads\/2012\/10\/SUPYN\u00c4\u2013S-Nr2.jpg' rel=\"lightbox[100]\"><img loading=\"lazy\" width=\"190\" height=\"190\" src=\"http:\/\/laukbaldis.lt\/wp-content\/uploads\/2012\/10\/SUPYN\u00c4\u2013S-Nr2-190x190.jpg\" class=\"attachment-thumbnail size-thumbnail\" alt=\"SUPYN\u0116S-Nr2\" aria-describedby=\"gallery-1-411\" \/><\/a>\n\t\t\t<\/dt>\n<dd class='wp-caption-text gallery-caption' id='gallery-1-411'>\n\t\t\t\tSUPYN\u0116S-Nr2\n\t\t\t\t<\/dd>\n<\/dl>\n<dl class='gallery-item'>\n<dt class='gallery-icon landscape'>\n\t\t\t\t<a href='http:\/\/laukbaldis.lt\/wp-content\/uploads\/2012\/10\/SUPYN\u00c4\u2013S-Nr3.jpg' rel=\"lightbox[100]\"><img loading=\"lazy\" width=\"190\" height=\"190\" src=\"http:\/\/laukbaldis.lt\/wp-content\/uploads\/2012\/10\/SUPYN\u00c4\u2013S-Nr3-190x190.jpg\" class=\"attachment-thumbnail size-thumbnail\" alt=\"SUPYN\u0116S-Nr3\" aria-describedby=\"gallery-1-412\" \/><\/a>\n\t\t\t<\/dt>\n<dd class='wp-caption-text gallery-caption' id='gallery-1-412'>\n\t\t\t\tSUPYN\u0116S-Nr3\n\t\t\t\t<\/dd>\n<\/dl>\n<p><br style=\"clear: both\" \/><\/p>\n<dl class='gallery-item'>\n<dt class='gallery-icon landscape'>\n\t\t\t\t<a href='http:\/\/laukbaldis.lt\/wp-content\/uploads\/2012\/10\/SUPYN\u00c4\u2013S-Nr4.jpg' rel=\"lightbox[100]\"><img loading=\"lazy\" width=\"190\" height=\"190\" src=\"http:\/\/laukbaldis.lt\/wp-content\/uploads\/2012\/10\/SUPYN\u00c4\u2013S-Nr4-190x190.jpg\" class=\"attachment-thumbnail size-thumbnail\" alt=\"SUPYN\u0116S-Nr4\" aria-describedby=\"gallery-1-413\" \/><\/a>\n\t\t\t<\/dt>\n<dd class='wp-caption-text gallery-caption' id='gallery-1-413'>\n\t\t\t\tSUPYN\u0116S-Nr4\n\t\t\t\t<\/dd>\n<\/dl>\n<dl class='gallery-item'>\n<dt class='gallery-icon landscape'>\n\t\t\t\t<a href='http:\/\/laukbaldis.lt\/wp-content\/uploads\/2012\/10\/SUPYN\u00c4\u2013S-Nr5.jpg' rel=\"lightbox[100]\"><img loading=\"lazy\" width=\"190\" height=\"190\" src=\"http:\/\/laukbaldis.lt\/wp-content\/uploads\/2012\/10\/SUPYN\u00c4\u2013S-Nr5-190x190.jpg\" class=\"attachment-thumbnail size-thumbnail\" alt=\"SUPYN\u0116S-Nr5\" aria-describedby=\"gallery-1-414\" \/><\/a>\n\t\t\t<\/dt>\n<dd class='wp-caption-text gallery-caption' id='gallery-1-414'>\n\t\t\t\tSUPYN\u0116S-Nr5\n\t\t\t\t<\/dd>\n<\/dl>\n<dl class='gallery-item'>\n<dt class='gallery-icon landscape'>\n\t\t\t\t<a href='http:\/\/laukbaldis.lt\/wp-content\/uploads\/2012\/10\/SUPYN\u00c4\u2013S-Nr6.jpg' rel=\"lightbox[100]\"><img loading=\"lazy\" width=\"190\" height=\"190\" src=\"http:\/\/laukbaldis.lt\/wp-content\/uploads\/2012\/10\/SUPYN\u00c4\u2013S-Nr6-190x190.jpg\" class=\"attachment-thumbnail size-thumbnail\" alt=\"SUPYN\u0116S-Nr6\" aria-describedby=\"gallery-1-415\" \/><\/a>\n\t\t\t<\/dt>\n<dd class='wp-caption-text gallery-caption' id='gallery-1-415'>\n\t\t\t\tSUPYN\u0116S-Nr6\n\t\t\t\t<\/dd>\n<\/dl>\n<p><br style=\"clear: both\" \/><\/p>\n<dl class='gallery-item'>\n<dt class='gallery-icon landscape'>\n\t\t\t\t<a href='http:\/\/laukbaldis.lt\/wp-content\/uploads\/2012\/10\/SUPYN\u00c4\u2013S-Nr7.jpg' rel=\"lightbox[100]\"><img loading=\"lazy\" width=\"190\" height=\"190\" src=\"http:\/\/laukbaldis.lt\/wp-content\/uploads\/2012\/10\/SUPYN\u00c4\u2013S-Nr7-190x190.jpg\" class=\"attachment-thumbnail size-thumbnail\" alt=\"SUPYN\u0116S-Nr7\" aria-describedby=\"gallery-1-416\" \/><\/a>\n\t\t\t<\/dt>\n<dd class='wp-caption-text gallery-caption' id='gallery-1-416'>\n\t\t\t\tSUPYN\u0116S-Nr7\n\t\t\t\t<\/dd>\n<\/dl>\n<dl class='gallery-item'>\n<dt class='gallery-icon landscape'>\n\t\t\t\t<a href='http:\/\/laukbaldis.lt\/wp-content\/uploads\/2012\/10\/SUPYN\u00c4\u2013S-Nr8.jpg' rel=\"lightbox[100]\"><img loading=\"lazy\" width=\"190\" height=\"190\" src=\"http:\/\/laukbaldis.lt\/wp-content\/uploads\/2012\/10\/SUPYN\u00c4\u2013S-Nr8-190x190.jpg\" class=\"attachment-thumbnail size-thumbnail\" alt=\"SUPYN\u0116S-Nr8\" aria-describedby=\"gallery-1-417\" \/><\/a>\n\t\t\t<\/dt>\n<dd class='wp-caption-text gallery-caption' id='gallery-1-417'>\n\t\t\t\tSUPYN\u0116S-Nr8\n\t\t\t\t<\/dd>\n<\/dl>\n<dl class='gallery-item'>\n<dt class='gallery-icon landscape'>\n\t\t\t\t<a href='http:\/\/laukbaldis.lt\/wp-content\/uploads\/2012\/10\/Nuotrauka0737.jpg' rel=\"lightbox[100]\"><img loading=\"lazy\" width=\"190\" height=\"190\" src=\"http:\/\/laukbaldis.lt\/wp-content\/uploads\/2012\/10\/Nuotrauka0737-190x190.jpg\" class=\"attachment-thumbnail size-thumbnail\" alt=\"SUPYNES NR.9\" aria-describedby=\"gallery-1-720\" \/><\/a>\n\t\t\t<\/dt>\n<dd class='wp-caption-text gallery-caption' id='gallery-1-720'>\n\t\t\t\tSUPYNES NR.9\n\t\t\t\t<\/dd>\n<\/dl>\n<p><br style=\"clear: both\" \/><\/p>\n<dl class='gallery-item'>\n<dt class='gallery-icon landscape'>\n\t\t\t\t<a href='http:\/\/laukbaldis.lt\/wp-content\/uploads\/2012\/10\/Nuotrauka0726.jpg' rel=\"lightbox[100]\"><img loading=\"lazy\" width=\"190\" height=\"190\" src=\"http:\/\/laukbaldis.lt\/wp-content\/uploads\/2012\/10\/Nuotrauka0726-190x190.jpg\" class=\"attachment-thumbnail size-thumbnail\" alt=\"SUPYNES NR.10\" aria-describedby=\"gallery-1-727\" \/><\/a>\n\t\t\t<\/dt>\n<dd class='wp-caption-text gallery-caption' id='gallery-1-727'>\n\t\t\t\tSUPYNES NR.10\n\t\t\t\t<\/dd>\n<\/dl>\n<dl class='gallery-item'>\n<dt class='gallery-icon landscape'>\n\t\t\t\t<a href='http:\/\/laukbaldis.lt\/wp-content\/uploads\/2012\/10\/Smelio-deze-su-stogeliu-1.jpg' rel=\"lightbox[100]\"><img loading=\"lazy\" width=\"190\" height=\"190\" src=\"http:\/\/laukbaldis.lt\/wp-content\/uploads\/2012\/10\/Smelio-deze-su-stogeliu-1-190x190.jpg\" class=\"attachment-thumbnail size-thumbnail\" alt=\"Smelio deze su stogeliu-1\" aria-describedby=\"gallery-1-533\" \/><\/a>\n\t\t\t<\/dt>\n<dd class='wp-caption-text gallery-caption' id='gallery-1-533'>\n\t\t\t\tSmelio deze su stogeliu-1\n\t\t\t\t<\/dd>\n<\/dl>\n<dl class='gallery-item'>\n<dt class='gallery-icon portrait'>\n\t\t\t\t<a href='http:\/\/laukbaldis.lt\/wp-content\/uploads\/2012\/10\/Namelis-vaikams.jpg' rel=\"lightbox[100]\"><img loading=\"lazy\" width=\"190\" height=\"190\" src=\"http:\/\/laukbaldis.lt\/wp-content\/uploads\/2012\/10\/Namelis-vaikams-190x190.jpg\" class=\"attachment-thumbnail size-thumbnail\" alt=\"Namelis vaikams\" aria-describedby=\"gallery-1-531\" \/><\/a>\n\t\t\t<\/dt>\n<dd class='wp-caption-text gallery-caption' id='gallery-1-531'>\n\t\t\t\tNamelis vaikams\n\t\t\t\t<\/dd>\n<\/dl>\n<p><br style=\"clear: both\" \/><\/p>\n<dl class='gallery-item'>\n<dt class='gallery-icon landscape'>\n\t\t\t\t<a href='http:\/\/laukbaldis.lt\/wp-content\/uploads\/2012\/10\/Namelis-vaikams-2.jpg' rel=\"lightbox[100]\"><img loading=\"lazy\" width=\"190\" height=\"190\" src=\"http:\/\/laukbaldis.lt\/wp-content\/uploads\/2012\/10\/Namelis-vaikams-2-190x190.jpg\" class=\"attachment-thumbnail size-thumbnail\" alt=\"Namelis vaikams-2\" aria-describedby=\"gallery-1-532\" \/><\/a>\n\t\t\t<\/dt>\n<dd class='wp-caption-text gallery-caption' id='gallery-1-532'>\n\t\t\t\tNamelis vaikams-2\n\t\t\t\t<\/dd>\n<\/dl>\n<dl class='gallery-item'>\n<dt class='gallery-icon landscape'>\n\t\t\t\t<a href='http:\/\/laukbaldis.lt\/wp-content\/uploads\/2012\/10\/Nuotrauka0886.jpg' rel=\"lightbox[100]\"><img loading=\"lazy\" width=\"190\" height=\"190\" src=\"http:\/\/laukbaldis.lt\/wp-content\/uploads\/2012\/10\/Nuotrauka0886-190x190.jpg\" class=\"attachment-thumbnail size-thumbnail\" alt=\"Namelis vaikams-3\" aria-describedby=\"gallery-1-852\" \/><\/a>\n\t\t\t<\/dt>\n<dd class='wp-caption-text gallery-caption' id='gallery-1-852'>\n\t\t\t\tNamelis vaikams-3\n\t\t\t\t<\/dd>\n<\/dl>\n<dl class='gallery-item'>\n<dt class='gallery-icon landscape'>\n\t\t\t\t<a href='http:\/\/laukbaldis.lt\/wp-content\/uploads\/2012\/10\/Nuotrauka0972.jpg' rel=\"lightbox[100]\"><img loading=\"lazy\" width=\"190\" height=\"190\" src=\"http:\/\/laukbaldis.lt\/wp-content\/uploads\/2012\/10\/Nuotrauka0972-190x190.jpg\" class=\"attachment-thumbnail size-thumbnail\" alt=\"PAVESINE VAIKAMS NR.20\" aria-describedby=\"gallery-1-808\" \/><\/a>\n\t\t\t<\/dt>\n<dd class='wp-caption-text gallery-caption' id='gallery-1-808'>\n\t\t\t\tPAVESINE VAIKAMS NR.20\n\t\t\t\t<\/dd>\n<\/dl>\n<p><br style=\"clear: both\" \/>\n\t\t<\/div>\n","protected":false},"excerpt":{"rendered":"<p>SUPYN\u0116S-BE-STOGELIO-Nr1 SUPYN\u0116S-Nr2 SUPYN\u0116S-Nr3 SUPYN\u0116S-Nr4 SUPYN\u0116S-Nr5 SUPYN\u0116S-Nr6 SUPYN\u0116S-Nr7 SUPYN\u0116S-Nr8 SUPYNES NR.9 SUPYNES NR.10 Smelio deze su stogeliu-1 Namelis vaikams Namelis vaikams-2 Namelis vaikams-3 PAVESINE VAIKAMS NR.20<\/p>\n<div class=\"placiaukategorijos\"><a href=\"https:\/\/laukbaldis.lt\/ru\/%d0%ba%d0%b0%d1%87%d0%b5%d0%bb%d0%b8-%d0%bf%d0%b5%d1%81%d0%be%d1%87%d0%bd%d0%b8%d1%86%d0%b0\/\">Pla\u010diau...<\/a><\/div>","protected":false},"author":1,"featured_media":0,"parent":0,"menu_order":0,"comment_status":"open","ping_status":"open","template":"","meta":[],"_links":{"self":[{"href":"https:\/\/laukbaldis.lt\/ru\/wp-json\/wp\/v2\/pages\/100"}],"collection":[{"href":"https:\/\/laukbaldis.lt\/ru\/wp-json\/wp\/v2\/pages"}],"about":[{"href":"https:\/\/laukbaldis.lt\/ru\/wp-json\/wp\/v2\/types\/page"}],"author":[{"embeddable":true,"href":"https:\/\/laukbaldis.lt\/ru\/wp-json\/wp\/v2\/users\/1"}],"replies":[{"embeddable":true,"href":"https:\/\/laukbaldis.lt\/ru\/wp-json\/wp\/v2\/comments?post=100"}],"version-history":[{"count":10,"href":"https:\/\/laukbaldis.lt\/ru\/wp-json\/wp\/v2\/pages\/100\/revisions"}],"predecessor-version":[{"id":787,"href":"https:\/\/laukbaldis.lt\/ru\/wp-json\/wp\/v2\/pages\/100\/revisions\/787"}],"wp:attachment":[{"href":"https:\/\/laukbaldis.lt\/ru\/wp-json\/wp\/v2\/media?parent=100"}],"curies":[{"name":"wp","href":"https:\/\/api.w.org\/{rel}","templated":true}]}}