{"id":67,"date":"2012-10-03T12:26:13","date_gmt":"2012-10-03T12:26:13","guid":{"rendered":"http:\/\/laukbaldis.lt\/ru\/?page_id=67"},"modified":"2017-04-04T07:57:15","modified_gmt":"2017-04-04T07:57:15","slug":"%d1%81%d0%b0%d0%b4%d0%be%d0%b2%d0%b0%d1%8f-%d0%bc%d0%b5%d0%b1%d0%b5%d0%bb%d1%8c","status":"publish","type":"page","link":"https:\/\/laukbaldis.lt\/ru\/%d1%81%d0%b0%d0%b4%d0%be%d0%b2%d0%b0%d1%8f-%d0%bc%d0%b5%d0%b1%d0%b5%d0%bb%d1%8c\/","title":{"rendered":"\u0421\u0430\u0434\u043e\u0432\u0430\u044f \u043c\u0435\u0431\u0435\u043b\u044c"},"content":{"rendered":"<div id=\"tekstas\">\n<style type='text\/css'>\n\t\t\t#gallery-1 {\n\t\t\t\tmargin: auto;\n\t\t\t}\n\t\t\t#gallery-1 .gallery-item {\n\t\t\t\tfloat: left;\n\t\t\t\tmargin-top: 10px;\n\t\t\t\ttext-align: center;\n\t\t\t\twidth: 33%;\n\t\t\t}\n\t\t\t#gallery-1 img {\n\t\t\t\tborder: 2px solid #cfcfcf;\n\t\t\t}\n\t\t\t#gallery-1 .gallery-caption {\n\t\t\t\tmargin-left: 0;\n\t\t\t}\n\t\t\t\/* see gallery_shortcode() in wp-includes\/media.php *\/\n\t\t<\/style>\n<div id='gallery-1' class='gallery galleryid-67 gallery-columns-3 gallery-size-thumbnail'>\n<dl class='gallery-item'>\n<dt class='gallery-icon landscape'>\n\t\t\t\t<a href='http:\/\/laukbaldis.lt\/wp-content\/uploads\/2012\/10\/SODO-LAUKO-BALDAI-LENGVASIS.jpg' rel=\"lightbox[67]\"><img loading=\"lazy\" width=\"190\" height=\"190\" src=\"http:\/\/laukbaldis.lt\/wp-content\/uploads\/2012\/10\/SODO-LAUKO-BALDAI-LENGVASIS-190x190.jpg\" class=\"attachment-thumbnail size-thumbnail\" alt=\"SODO - LAUKO BALDAI LENGVASIS\" aria-describedby=\"gallery-1-383\" \/><\/a>\n\t\t\t<\/dt>\n<dd class='wp-caption-text gallery-caption' id='gallery-1-383'>\n\t\t\t\tNR.1 -SODO &#8211; LAUKO BALDAI LENGVASIS\n\t\t\t\t<\/dd>\n<\/dl>\n<dl class='gallery-item'>\n<dt class='gallery-icon landscape'>\n\t\t\t\t<a href='http:\/\/laukbaldis.lt\/wp-content\/uploads\/2012\/10\/SODO-LAUKO-BALDAI-OVALAS.jpg' rel=\"lightbox[67]\"><img loading=\"lazy\" width=\"190\" height=\"190\" src=\"http:\/\/laukbaldis.lt\/wp-content\/uploads\/2012\/10\/SODO-LAUKO-BALDAI-OVALAS-190x190.jpg\" class=\"attachment-thumbnail size-thumbnail\" alt=\"SODO - LAUKO BALDAI OVALAS\" aria-describedby=\"gallery-1-384\" \/><\/a>\n\t\t\t<\/dt>\n<dd class='wp-caption-text gallery-caption' id='gallery-1-384'>\n\t\t\t\tNR.2- SODO &#8211; LAUKO BALDAI -OVALAS\n\t\t\t\t<\/dd>\n<\/dl>\n<dl class='gallery-item'>\n<dt class='gallery-icon landscape'>\n\t\t\t\t<a href='http:\/\/laukbaldis.lt\/wp-content\/uploads\/2012\/10\/SODO-LAUKO-BALDAI-RAMUN\u0116.jpg' rel=\"lightbox[67]\"><img loading=\"lazy\" width=\"190\" height=\"190\" src=\"http:\/\/laukbaldis.lt\/wp-content\/uploads\/2012\/10\/SODO-LAUKO-BALDAI-RAMUN\u0116-190x190.jpg\" class=\"attachment-thumbnail size-thumbnail\" alt=\"SODO - LAUKO BALDAI RAMUN\u0116\" aria-describedby=\"gallery-1-392\" \/><\/a>\n\t\t\t<\/dt>\n<dd class='wp-caption-text gallery-caption' id='gallery-1-392'>\n\t\t\t\tNR.8-SODO &#8211; LAUKO BALDAI RAMUN\u0116\n\t\t\t\t<\/dd>\n<\/dl>\n<p><br style=\"clear: both\" \/><\/p>\n<dl class='gallery-item'>\n<dt class='gallery-icon landscape'>\n\t\t\t\t<a href='http:\/\/laukbaldis.lt\/wp-content\/uploads\/2012\/10\/SODO-LAUKO-BALDAI-RAMUN\u0116-2.jpg' rel=\"lightbox[67]\"><img loading=\"lazy\" width=\"190\" height=\"190\" src=\"http:\/\/laukbaldis.lt\/wp-content\/uploads\/2012\/10\/SODO-LAUKO-BALDAI-RAMUN\u0116-2-190x190.jpg\" class=\"attachment-thumbnail size-thumbnail\" alt=\"SODO - LAUKO BALDAI RAMUN\u0116 2\" aria-describedby=\"gallery-1-391\" \/><\/a>\n\t\t\t<\/dt>\n<dd class='wp-caption-text gallery-caption' id='gallery-1-391'>\n\t\t\t\tNR.7-SODO &#8211; LAUKO BALDAI RAMUN\u0116 2\n\t\t\t\t<\/dd>\n<\/dl>\n<dl class='gallery-item'>\n<dt class='gallery-icon landscape'>\n\t\t\t\t<a href='http:\/\/laukbaldis.lt\/wp-content\/uploads\/2012\/10\/SODO-LAUKO-BALDAI-\u017dVAIG\u017dD\u0116.jpg' rel=\"lightbox[67]\"><img loading=\"lazy\" width=\"190\" height=\"190\" src=\"http:\/\/laukbaldis.lt\/wp-content\/uploads\/2012\/10\/SODO-LAUKO-BALDAI-\u017dVAIG\u017dD\u0116-190x190.jpg\" class=\"attachment-thumbnail size-thumbnail\" alt=\"SODO - LAUKO BALDAI \u017dVAIG\u017dD\u0116\" aria-describedby=\"gallery-1-396\" \/><\/a>\n\t\t\t<\/dt>\n<dd class='wp-caption-text gallery-caption' id='gallery-1-396'>\n\t\t\t\tNR.12-SODO &#8211; LAUKO BALDAI- \u017dVAIG\u017dD\u0116\n\t\t\t\t<\/dd>\n<\/dl>\n<dl class='gallery-item'>\n<dt class='gallery-icon landscape'>\n\t\t\t\t<a href='http:\/\/laukbaldis.lt\/wp-content\/uploads\/2012\/10\/SODO-LAUKO-BALDAI-PUSSUNKIS.jpg' rel=\"lightbox[67]\"><img loading=\"lazy\" width=\"190\" height=\"190\" src=\"http:\/\/laukbaldis.lt\/wp-content\/uploads\/2012\/10\/SODO-LAUKO-BALDAI-PUSSUNKIS-190x190.jpg\" class=\"attachment-thumbnail size-thumbnail\" alt=\"SODO - LAUKO BALDAI PUSSUNKIS\" aria-describedby=\"gallery-1-390\" \/><\/a>\n\t\t\t<\/dt>\n<dd class='wp-caption-text gallery-caption' id='gallery-1-390'>\n\t\t\t\tNR.6-SODO &#8211; LAUKO BALDAI PUSSUNKIS\n\t\t\t\t<\/dd>\n<\/dl>\n<p><br style=\"clear: both\" \/><\/p>\n<dl class='gallery-item'>\n<dt class='gallery-icon landscape'>\n\t\t\t\t<a href='http:\/\/laukbaldis.lt\/wp-content\/uploads\/2012\/10\/unnamed.jpg' rel=\"lightbox[67]\"><img loading=\"lazy\" width=\"190\" height=\"190\" src=\"http:\/\/laukbaldis.lt\/wp-content\/uploads\/2012\/10\/unnamed-190x190.jpg\" class=\"attachment-thumbnail size-thumbnail\" alt=\"NR.15 -SODO-LAUKO BALDAI- ANT R\u0104STELIU\" aria-describedby=\"gallery-1-519\" \/><\/a>\n\t\t\t<\/dt>\n<dd class='wp-caption-text gallery-caption' id='gallery-1-519'>\n\t\t\t\tNR.15 -SODO-LAUKO BALDAI- ANT R\u0104STELIU\n\t\t\t\t<\/dd>\n<\/dl>\n<dl class='gallery-item'>\n<dt class='gallery-icon landscape'>\n\t\t\t\t<a href='http:\/\/laukbaldis.lt\/wp-content\/uploads\/2012\/10\/SODO-LAUKO-BALDAI-PUSSUNKIS-4.jpg' rel=\"lightbox[67]\"><img loading=\"lazy\" width=\"190\" height=\"190\" src=\"http:\/\/laukbaldis.lt\/wp-content\/uploads\/2012\/10\/SODO-LAUKO-BALDAI-PUSSUNKIS-4-190x190.jpg\" class=\"attachment-thumbnail size-thumbnail\" alt=\"SODO - LAUKO BALDAI PUSSUNKIS\" aria-describedby=\"gallery-1-387\" \/><\/a>\n\t\t\t<\/dt>\n<dd class='wp-caption-text gallery-caption' id='gallery-1-387'>\n\t\t\t\tNR.3 -SODO &#8211; LAUKO BALDAI PUSSUNKIS\n\t\t\t\t<\/dd>\n<\/dl>\n<dl class='gallery-item'>\n<dt class='gallery-icon landscape'>\n\t\t\t\t<a href='http:\/\/laukbaldis.lt\/wp-content\/uploads\/2012\/10\/SODO-LAUKO-BALDAI-PUSSUNKIS-5.jpg' rel=\"lightbox[67]\"><img loading=\"lazy\" width=\"190\" height=\"190\" src=\"http:\/\/laukbaldis.lt\/wp-content\/uploads\/2012\/10\/SODO-LAUKO-BALDAI-PUSSUNKIS-5-190x190.jpg\" class=\"attachment-thumbnail size-thumbnail\" alt=\"SODO - LAUKO BALDAI PUSSUNKIS 5\" aria-describedby=\"gallery-1-388\" \/><\/a>\n\t\t\t<\/dt>\n<dd class='wp-caption-text gallery-caption' id='gallery-1-388'>\n\t\t\t\tNR.4- SODO &#8211; LAUKO BALDAI SUNKUSIS\n\t\t\t\t<\/dd>\n<\/dl>\n<p><br style=\"clear: both\" \/><\/p>\n<dl class='gallery-item'>\n<dt class='gallery-icon landscape'>\n\t\t\t\t<a href='http:\/\/laukbaldis.lt\/wp-content\/uploads\/2012\/10\/SODO-LAUKO-BALDAI-PUSSUNKIS-6.jpg' rel=\"lightbox[67]\"><img loading=\"lazy\" width=\"190\" height=\"190\" src=\"http:\/\/laukbaldis.lt\/wp-content\/uploads\/2012\/10\/SODO-LAUKO-BALDAI-PUSSUNKIS-6-190x190.jpg\" class=\"attachment-thumbnail size-thumbnail\" alt=\"SODO - LAUKO BALDAI SUNKUSIS\" aria-describedby=\"gallery-1-389\" \/><\/a>\n\t\t\t<\/dt>\n<dd class='wp-caption-text gallery-caption' id='gallery-1-389'>\n\t\t\t\tNR.5-SODO &#8211; LAUKO BALDAI SUNKUSIS\n\t\t\t\t<\/dd>\n<\/dl>\n<dl class='gallery-item'>\n<dt class='gallery-icon landscape'>\n\t\t\t\t<a href='http:\/\/laukbaldis.lt\/wp-content\/uploads\/2012\/10\/KR\u0116SLAS-FOTELIS.jpg' rel=\"lightbox[67]\"><img loading=\"lazy\" width=\"190\" height=\"190\" src=\"http:\/\/laukbaldis.lt\/wp-content\/uploads\/2012\/10\/KR\u0116SLAS-FOTELIS-190x190.jpg\" class=\"attachment-thumbnail size-thumbnail\" alt=\"KR\u0116SLAS - FOTELIS\" aria-describedby=\"gallery-1-397\" \/><\/a>\n\t\t\t<\/dt>\n<dd class='wp-caption-text gallery-caption' id='gallery-1-397'>\n\t\t\t\tNR.13-KR\u0116SLAS &#8211; FOTELIS\n\t\t\t\t<\/dd>\n<\/dl>\n<dl class='gallery-item'>\n<dt class='gallery-icon landscape'>\n\t\t\t\t<a href='http:\/\/laukbaldis.lt\/wp-content\/uploads\/2012\/10\/SODO-LAUKO-BALDAI-TERASINIS-APVALUS.jpg' rel=\"lightbox[67]\"><img loading=\"lazy\" width=\"190\" height=\"190\" src=\"http:\/\/laukbaldis.lt\/wp-content\/uploads\/2012\/10\/SODO-LAUKO-BALDAI-TERASINIS-APVALUS-190x190.jpg\" class=\"attachment-thumbnail size-thumbnail\" alt=\"SODO - LAUKO BALDAI TERASINIS APVALUS\" aria-describedby=\"gallery-1-393\" \/><\/a>\n\t\t\t<\/dt>\n<dd class='wp-caption-text gallery-caption' id='gallery-1-393'>\n\t\t\t\tNR.9-SODO &#8211; LAUKO BALDAI TERASINIS APVALUS\n\t\t\t\t<\/dd>\n<\/dl>\n<p><br style=\"clear: both\" \/><\/p>\n<dl class='gallery-item'>\n<dt class='gallery-icon landscape'>\n\t\t\t\t<a href='http:\/\/laukbaldis.lt\/wp-content\/uploads\/2012\/10\/SODO-LAUKO-BALDAI-TERASINIS-OVALUS.jpg' rel=\"lightbox[67]\"><img loading=\"lazy\" width=\"190\" height=\"190\" src=\"http:\/\/laukbaldis.lt\/wp-content\/uploads\/2012\/10\/SODO-LAUKO-BALDAI-TERASINIS-OVALUS-190x190.jpg\" class=\"attachment-thumbnail size-thumbnail\" alt=\"SODO - LAUKO BALDAI TERASINIS OVALUS\" aria-describedby=\"gallery-1-395\" \/><\/a>\n\t\t\t<\/dt>\n<dd class='wp-caption-text gallery-caption' id='gallery-1-395'>\n\t\t\t\tNR.11 -SODO &#8211; LAUKO BALDAI TERASINIS OVALUS\n\t\t\t\t<\/dd>\n<\/dl>\n<dl class='gallery-item'>\n<dt class='gallery-icon landscape'>\n\t\t\t\t<a href='http:\/\/laukbaldis.lt\/wp-content\/uploads\/2012\/10\/SODO-LAUKO-BALDAI-TERASINIS-OVALUS-2.jpg' rel=\"lightbox[67]\"><img loading=\"lazy\" width=\"190\" height=\"190\" src=\"http:\/\/laukbaldis.lt\/wp-content\/uploads\/2012\/10\/SODO-LAUKO-BALDAI-TERASINIS-OVALUS-2-190x190.jpg\" class=\"attachment-thumbnail size-thumbnail\" alt=\"SODO - LAUKO BALDAI TERASINIS OVALUS 2\" aria-describedby=\"gallery-1-394\" \/><\/a>\n\t\t\t<\/dt>\n<dd class='wp-caption-text gallery-caption' id='gallery-1-394'>\n\t\t\t\tNR.10-SODO &#8211; LAUKO BALDAI TERASINIS OVALUS 2\n\t\t\t\t<\/dd>\n<\/dl>\n<dl class='gallery-item'>\n<dt class='gallery-icon landscape'>\n\t\t\t\t<a href='http:\/\/laukbaldis.lt\/wp-content\/uploads\/2012\/10\/Nuotrauka0363.jpg' rel=\"lightbox[67]\"><img loading=\"lazy\" width=\"190\" height=\"190\" src=\"http:\/\/laukbaldis.lt\/wp-content\/uploads\/2012\/10\/Nuotrauka0363-190x190.jpg\" class=\"attachment-thumbnail size-thumbnail\" alt=\"NR.16-KOMPLEKTAS-RAMUN\u0116-ovalus\" aria-describedby=\"gallery-1-521\" \/><\/a>\n\t\t\t<\/dt>\n<dd class='wp-caption-text gallery-caption' id='gallery-1-521'>\n\t\t\t\tNR.16-KOMPLEKTAS-RAMUN\u0116-ovalus\n\t\t\t\t<\/dd>\n<\/dl>\n<p><br style=\"clear: both\" \/><\/p>\n<dl class='gallery-item'>\n<dt class='gallery-icon landscape'>\n\t\t\t\t<a href='http:\/\/laukbaldis.lt\/wp-content\/uploads\/2012\/10\/Nuotrauka0364.jpg' rel=\"lightbox[67]\"><img loading=\"lazy\" width=\"190\" height=\"190\" src=\"http:\/\/laukbaldis.lt\/wp-content\/uploads\/2012\/10\/Nuotrauka0364-190x190.jpg\" class=\"attachment-thumbnail size-thumbnail\" alt=\"NR.17-KOMPLEKTAS-RAMUN\u0116-APVALUS\" aria-describedby=\"gallery-1-523\" \/><\/a>\n\t\t\t<\/dt>\n<dd class='wp-caption-text gallery-caption' id='gallery-1-523'>\n\t\t\t\tNR.17-KOMPLEKTAS-RAMUN\u0116-APVALUS\n\t\t\t\t<\/dd>\n<\/dl>\n<dl class='gallery-item'>\n<dt class='gallery-icon landscape'>\n\t\t\t\t<a href='http:\/\/laukbaldis.lt\/wp-content\/uploads\/2012\/10\/20120725374.jpg' rel=\"lightbox[67]\"><img loading=\"lazy\" width=\"190\" height=\"190\" src=\"http:\/\/laukbaldis.lt\/wp-content\/uploads\/2012\/10\/20120725374-190x190.jpg\" class=\"attachment-thumbnail size-thumbnail\" alt=\"Nr.18-pussunkis komplektas\" aria-describedby=\"gallery-1-527\" \/><\/a>\n\t\t\t<\/dt>\n<dd class='wp-caption-text gallery-caption' id='gallery-1-527'>\n\t\t\t\tNr.18-pussunkis komplektas\n\t\t\t\t<\/dd>\n<\/dl>\n<dl class='gallery-item'>\n<dt class='gallery-icon landscape'>\n\t\t\t\t<a href='http:\/\/laukbaldis.lt\/wp-content\/uploads\/2012\/10\/Nuotrauka0503.jpg' rel=\"lightbox[67]\"><img loading=\"lazy\" width=\"190\" height=\"190\" src=\"http:\/\/laukbaldis.lt\/wp-content\/uploads\/2012\/10\/Nuotrauka0503-190x190.jpg\" class=\"attachment-thumbnail size-thumbnail\" alt=\"NR.14-Suolas -Parkas-1\" aria-describedby=\"gallery-1-513\" \/><\/a>\n\t\t\t<\/dt>\n<dd class='wp-caption-text gallery-caption' id='gallery-1-513'>\n\t\t\t\tNR.14-Suolas -Parkas-1\n\t\t\t\t<\/dd>\n<\/dl>\n<p><br style=\"clear: both\" \/><\/p>\n<dl class='gallery-item'>\n<dt class='gallery-icon landscape'>\n\t\t\t\t<a href='http:\/\/laukbaldis.lt\/wp-content\/uploads\/2012\/10\/DSC_0864.jpg' rel=\"lightbox[67]\"><img loading=\"lazy\" width=\"190\" height=\"190\" src=\"http:\/\/laukbaldis.lt\/wp-content\/uploads\/2012\/10\/DSC_0864-190x190.jpg\" class=\"attachment-thumbnail size-thumbnail\" alt=\"NR.19 SUOLAS-PARKAS-2\" aria-describedby=\"gallery-1-799\" \/><\/a>\n\t\t\t<\/dt>\n<dd class='wp-caption-text gallery-caption' id='gallery-1-799'>\n\t\t\t\tNR.19 SUOLAS-PARKAS-2\n\t\t\t\t<\/dd>\n<\/dl>\n<dl class='gallery-item'>\n<dt class='gallery-icon landscape'>\n\t\t\t\t<a href='http:\/\/laukbaldis.lt\/wp-content\/uploads\/2012\/10\/DSC_0848.jpg' rel=\"lightbox[67]\"><img loading=\"lazy\" width=\"190\" height=\"190\" src=\"http:\/\/laukbaldis.lt\/wp-content\/uploads\/2012\/10\/DSC_0848-190x190.jpg\" class=\"attachment-thumbnail size-thumbnail\" alt=\"NR.20-TERASINIS-3\" aria-describedby=\"gallery-1-802\" \/><\/a>\n\t\t\t<\/dt>\n<dd class='wp-caption-text gallery-caption' id='gallery-1-802'>\n\t\t\t\tNR.20-TERASINIS-3\n\t\t\t\t<\/dd>\n<\/dl>\n<p>\t\t\t<br style='clear: both' \/>\n\t\t<\/div>\n","protected":false},"excerpt":{"rendered":"<p>NR.1 -SODO &#8211; LAUKO BALDAI LENGVASIS NR.2- SODO &#8211; LAUKO BALDAI -OVALAS NR.8-SODO &#8211; LAUKO BALDAI RAMUN\u0116 NR.7-SODO &#8211; LAUKO BALDAI RAMUN\u0116 2 NR.12-SODO &#8211; LAUKO BALDAI- \u017dVAIG\u017dD\u0116 NR.6-SODO &#8211; LAUKO BALDAI PUSSUNKIS NR.15 -SODO-LAUKO BALDAI- ANT R\u0104STELIU NR.3 -SODO &#8211; LAUKO BALDAI PUSSUNKIS NR.4- SODO &#8211; LAUKO BALDAI SUNKUSIS NR.5-SODO &#8211; LAUKO BALDAI SUNKUSIS [&hellip;]<\/p>\n<div class=\"placiaukategorijos\"><a href=\"https:\/\/laukbaldis.lt\/ru\/%d1%81%d0%b0%d0%b4%d0%be%d0%b2%d0%b0%d1%8f-%d0%bc%d0%b5%d0%b1%d0%b5%d0%bb%d1%8c\/\">Pla\u010diau...<\/a><\/div>","protected":false},"author":1,"featured_media":0,"parent":0,"menu_order":0,"comment_status":"open","ping_status":"open","template":"","meta":[],"_links":{"self":[{"href":"https:\/\/laukbaldis.lt\/ru\/wp-json\/wp\/v2\/pages\/67"}],"collection":[{"href":"https:\/\/laukbaldis.lt\/ru\/wp-json\/wp\/v2\/pages"}],"about":[{"href":"https:\/\/laukbaldis.lt\/ru\/wp-json\/wp\/v2\/types\/page"}],"author":[{"embeddable":true,"href":"https:\/\/laukbaldis.lt\/ru\/wp-json\/wp\/v2\/users\/1"}],"replies":[{"embeddable":true,"href":"https:\/\/laukbaldis.lt\/ru\/wp-json\/wp\/v2\/comments?post=67"}],"version-history":[{"count":16,"href":"https:\/\/laukbaldis.lt\/ru\/wp-json\/wp\/v2\/pages\/67\/revisions"}],"predecessor-version":[{"id":770,"href":"https:\/\/laukbaldis.lt\/ru\/wp-json\/wp\/v2\/pages\/67\/revisions\/770"}],"wp:attachment":[{"href":"https:\/\/laukbaldis.lt\/ru\/wp-json\/wp\/v2\/media?parent=67"}],"curies":[{"name":"wp","href":"https:\/\/api.w.org\/{rel}","templated":true}]}}