{"id":7,"date":"2012-10-02T05:27:54","date_gmt":"2012-10-02T05:27:54","guid":{"rendered":"http:\/\/miniart.lt\/laukbaldis\/?page_id=7"},"modified":"2022-08-29T09:58:20","modified_gmt":"2022-08-29T09:58:20","slug":"katalogas","status":"publish","type":"page","link":"https:\/\/laukbaldis.lt\/ru\/","title":{"rendered":"\u041a\u0430\u0442\u0430\u043b\u043e\u0433 \u043f\u0440\u043e\u0434\u0443\u043a\u0446\u0438\u0438"},"content":{"rendered":"<p>\u041d\u0430\u0448\u0430 \u043f\u0440\u043e\u0434\u0443\u043a\u0446\u0438\u044f <strong>\u0438\u0437 \u043d\u0430\u0442\u0443\u0440\u0430\u043b\u044c\u043d\u043e\u0433\u043e \u0434\u0435\u0440\u0435\u0432\u0430<\/strong>: \u0431\u0435\u0441\u0435\u0434\u043a\u0438, \u0431\u0430\u043d\u0438, \u0441\u0430\u0434\u043e\u0432\u0430\u044f \u043c\u0435\u0431\u0435\u043b\u044c (\u0448\u043a\u0430\u0444\u044b, \u043b\u0430\u043c\u043f\u044b, \u043f\u043e\u043b\u043a\u0438, \u043a\u043e\u043c\u043e\u0434\u044b, \u0442\u0443\u043c\u0431\u043e\u0447\u043a\u0438), \u043f\u0435\u0441\u043e\u0447\u043d\u0438\u0446\u044b, \u043a\u0430\u0447\u0435\u043b\u0438, \u0446\u0432\u0435\u0442\u043e\u0447\u043d\u044b\u0435 \u0432a\u0437\u043e\u043d\u044b, \u0434\u0435\u0440\u0435\u0432\u044f\u043d\u043d\u044b\u0435 \u043c\u043e\u0441\u0442\u0438\u043a\u0438, \u0434\u0440a\u043d\u043a\u0430 \u0434\u043b\u044f \u043ap\u044b\u0448\u0438, \u0434\u0435\u0440\u0435\u0432\u044f\u043d\u043d\u044b\u0435 \u0434\u0432\u0435\u0440\u0438, \u043ao\u043bo\u0434\u0446\u044b, \u0437\u0430\u0431\u043e\u0440\u044b.<\/p>\n<table border=\"0\" cellspacing=\"1\" cellpadding=\"1\">\n<tbody>\n<tr>\n<td>\n<div id=\"attachment_467\" style=\"width: 200px\" class=\"wp-caption alignnone\"><a title=\"\" href=\" https:\/\/laukbaldis.lt\/ru\/\u0441\u0430\u0434\u043e\u0432\u0430\u044f-\u043c\u0435\u0431\u0435\u043b\u044c\/\" rel=\"attachment wp-att-467\"><img aria-describedby=\"caption-attachment-467\" loading=\"lazy\" class=\"wp-image-467 size-thumbnail\" title=\"SODO-LAUKO-BALDAI-PUSSUNKIS\" src=\" https:\/\/laukbaldis.lt\/ru\/wp-content\/uploads\/2012\/10\/SODO-LAUKO-BALDAI-PUSSUNKIS1-190x190.jpg\" alt=\"\u0421\u0430\u0434\u043e\u0432\u0430\u044f \u043c\u0435\u0431\u0435\u043b\u044c\" width=\"190\" height=\"190\" \/><\/a><p id=\"caption-attachment-467\" class=\"wp-caption-text\">\u0421\u0430\u0434\u043e\u0432\u0430\u044f \u043c\u0435\u0431\u0435\u043b\u044c<\/p><\/div>\n<p>\u0438\u0437 \u043d\u0430\u0442\u0443\u0440\u0430\u043b\u044c\u043d\u043e\u0433\u043e \u0434\u0435\u0440\u0435\u0432\u0430<\/td>\n<td>\n<p><div id=\"attachment_693\" style=\"width: 200px\" class=\"wp-caption alignnone\"><a href=\" https:\/\/laukbaldis.lt\/ru\/\u0431\u0435\u0441\u0435\u0434\u043a\u0438\/\" rel=\"attachment wp-att-468\"><img aria-describedby=\"caption-attachment-693\" loading=\"lazy\" class=\"wp-image-693 size-thumbnail\" title=\"PAV\u0116SIN\u0116-EGL\u0116-5-NR-26-5\" src=\" https:\/\/laukbaldis.lt\/ru\/wp-content\/uploads\/2012\/10\/DSC_0124-190x190.jpg\" alt=\"\" width=\"190\" height=\"190\" \/><\/a><p id=\"caption-attachment-693\" class=\"wp-caption-text\">\u0411\u0435\u0441\u0435\u0434\u043a\u0438<\/p><\/div><\/td>\n<td>\n<p><div id=\"attachment_471\" style=\"width: 200px\" class=\"wp-caption alignnone\"><a href=\" https:\/\/laukbaldis.lt\/ru\/\u0434\u0440a\u043d\u043a\u0438-\u0434\u043b\u044f-\u043ap\u044b\u0448\u0438\/\" rel=\"attachment wp-att-471\"><img aria-describedby=\"caption-attachment-471\" loading=\"lazy\" class=\"wp-image-471 size-thumbnail\" title=\"SKIEDRINIAI-STOGAI\" src=\" https:\/\/laukbaldis.lt\/ru\/wp-content\/uploads\/2012\/10\/SKIEDRINIAI-STOGAI1-190x190.jpg\" alt=\"\u0414\u0440a\u043d\u043a\u0438 \u0434\u043b\u044f \u043ap\u044b\u0448\u0438\" width=\"190\" height=\"190\" \/><\/a><p id=\"caption-attachment-471\" class=\"wp-caption-text\">\u0414\u0440a\u043d\u043a\u0438 \u0434\u043b\u044f \u043ap\u044b\u0448\u0438<\/p><\/div><\/td>\n<\/tr>\n<tr>\n<td>\n<p><div id=\"attachment_474\" style=\"width: 200px\" class=\"wp-caption alignnone\"><a href=\" https:\/\/laukbaldis.lt\/ru\/\u0431\u0430\u043d\u044f\/\" rel=\"attachment wp-att-474\"><img aria-describedby=\"caption-attachment-474\" loading=\"lazy\" class=\"wp-image-474 size-thumbnail\" title=\"PIRTYS-VASARNAMIAI-Nr2\" src=\" https:\/\/laukbaldis.lt\/ru\/wp-content\/uploads\/2012\/10\/PIRTYS-VASARNAMIAI-Nr21-190x190.jpg\" alt=\"\u0411\u0430\u043d\u044f\" width=\"190\" height=\"190\" \/><\/a><p id=\"caption-attachment-474\" class=\"wp-caption-text\">\u0411\u0430\u043d\u0438<\/p><\/div><\/td>\n<td>\n<p><div id=\"attachment_475\" style=\"width: 200px\" class=\"wp-caption alignnone\"><a href=\" https:\/\/laukbaldis.lt\/ru\/\u043b\u0430\u043c\u043f\u044b-\u043f\u043e\u043b\u043a\u0438-\u043a\u043e\u043c\u043e\u0434\u044b-\u0442\u0443\u043c\u0431\u043e\u0447\u043a\u0430\/\" rel=\"attachment wp-att-475\"><img aria-describedby=\"caption-attachment-475\" loading=\"lazy\" class=\"wp-image-475 size-thumbnail\" title=\"PAKABA\" src=\" https:\/\/laukbaldis.lt\/ru\/wp-content\/uploads\/2012\/10\/PAKABA1-190x190.jpg\" alt=\"\u041b\u0430\u043c\u043f\u044b, \u043f\u043e\u043b\u043a\u0438, \u043a\u043e\u043c\u043e\u0434\u044b \u2013 \u0442\u0443\u043c\u0431\u043e\u0447\u043a\u0430\" width=\"190\" height=\"190\" \/><\/a><p id=\"caption-attachment-475\" class=\"wp-caption-text\">\u041b\u0430\u043c\u043f\u044b, \u043f\u043e\u043b\u043a\u0438, \u043a\u043e\u043c\u043e\u0434\u044b \u2013 \u0442\u0443\u043c\u0431\u043e\u0447\u043a\u0430<\/p><\/div><\/td>\n<td>\n<p><div id=\"attachment_476\" style=\"width: 200px\" class=\"wp-caption alignnone\"><a href=\" https:\/\/laukbaldis.lt\/ru\/\u043ao\u043bo\u0434e\u0446\/\" rel=\"attachment wp-att-476\"><img aria-describedby=\"caption-attachment-476\" loading=\"lazy\" class=\"wp-image-476 size-thumbnail\" title=\"\u00c5 ULINYS-\u00c4\u201e\u00c5\u00bdUOLINIS-Nr2\" src=\" https:\/\/laukbaldis.lt\/ru\/wp-content\/uploads\/2012\/10\/\u00c5 ULINYS-\u00c4\u201e\u00c5\u00bdUOLINIS-Nr21-190x190.jpg\" alt=\"\u041ao\u043bo\u0434e\u0446\" width=\"190\" height=\"190\" \/><\/a><p id=\"caption-attachment-476\" class=\"wp-caption-text\">\u041ao\u043bo\u0434\u0446\u044b<\/p><\/div><\/td>\n<\/tr>\n<tr>\n<td style=\"text-align: center;\">\n<p><div id=\"attachment_477\" style=\"width: 200px\" class=\"wp-caption alignnone\"><a href=\" https:\/\/laukbaldis.lt\/ru\/\u043a\u0430\u0447\u0435\u043b\u0438-\u043f\u0435\u0441\u043e\u0447\u043d\u0438\u0446\u0430\/\" rel=\"attachment wp-att-477\"><img aria-describedby=\"caption-attachment-477\" loading=\"lazy\" class=\"wp-image-477 size-thumbnail\" title=\"SUPYN\u00c4\u2013S-Nr7\" src=\" https:\/\/laukbaldis.lt\/ru\/wp-content\/uploads\/2012\/10\/SUPYN\u00c4\u2013S-Nr71-190x190.jpg\" alt=\"\u041a\u0430\u0447\u0435\u043b\u0438, \u043f\u0435\u0441\u043e\u0447\u043d\u0438\u0446\u0430\" width=\"190\" height=\"190\" \/><\/a><p id=\"caption-attachment-477\" class=\"wp-caption-text\">\u041a\u0430\u0447\u0435\u043b\u0438, \u043f\u0435\u0441\u043e\u0447\u043d\u0438\u0446\u0430<\/p><\/div><\/td>\n<td style=\"text-align: center;\">\n<p><div id=\"attachment_478\" style=\"width: 200px\" class=\"wp-caption alignnone\"><a href=\" https:\/\/laukbaldis.lt\/ru\/\u043c\u043e\u0441\u0442\u0438\u043a\u0438-\u0437\u0430\u0431\u043e\u0440\/\" rel=\"attachment wp-att-478\"><img aria-describedby=\"caption-attachment-478\" loading=\"lazy\" class=\"wp-image-478 size-thumbnail\" title=\"TILTAS-Nr-1\" src=\" https:\/\/laukbaldis.lt\/ru\/wp-content\/uploads\/2012\/10\/TILTAS-Nr-11-190x190.jpg\" alt=\"\u041c\u043e\u0441\u0442\u0438\u043a\u0438, \u0437\u0430\u0431\u043e\u0440\" width=\"190\" height=\"190\" \/><\/a><p id=\"caption-attachment-478\" class=\"wp-caption-text\">\u041c\u043e\u0441\u0442\u0438\u043a\u0438, \u0437\u0430\u0431\u043e\u0440<\/p><\/div><\/td>\n<td style=\"text-align: center;\">\n<p><div id=\"attachment_479\" style=\"width: 200px\" class=\"wp-caption alignnone\"><a href=\" https:\/\/laukbaldis.lt\/ru\/ba\u0437o\u043d\u044b\/\" rel=\"attachment wp-att-479\"><img aria-describedby=\"caption-attachment-479\" loading=\"lazy\" class=\"wp-image-479 size-thumbnail\" title=\"VAZONAS-Nr-10\" src=\" https:\/\/laukbaldis.lt\/ru\/wp-content\/uploads\/2012\/10\/VAZONAS-Nr-101-190x190.jpg\" alt=\"Ba\u0437o\u043d\u044b\" width=\"190\" height=\"190\" \/><\/a><p id=\"caption-attachment-479\" class=\"wp-caption-text\">Ba\u0437o\u043d\u044b<\/p><\/div><\/td>\n<\/tr>\n<\/tbody>\n<\/table>\n<p>&nbsp;<\/p>\n","protected":false},"excerpt":{"rendered":"<p>\u041d\u0430\u0448\u0430 \u043f\u0440\u043e\u0434\u0443\u043a\u0446\u0438\u044f \u0438\u0437 \u043d\u0430\u0442\u0443\u0440\u0430\u043b\u044c\u043d\u043e\u0433\u043e \u0434\u0435\u0440\u0435\u0432\u0430: \u0431\u0435\u0441\u0435\u0434\u043a\u0438, \u0431\u0430\u043d\u0438, \u0441\u0430\u0434\u043e\u0432\u0430\u044f \u043c\u0435\u0431\u0435\u043b\u044c (\u0448\u043a\u0430\u0444\u044b, \u043b\u0430\u043c\u043f\u044b, \u043f\u043e\u043b\u043a\u0438, \u043a\u043e\u043c\u043e\u0434\u044b, \u0442\u0443\u043c\u0431\u043e\u0447\u043a\u0438), \u043f\u0435\u0441\u043e\u0447\u043d\u0438\u0446\u044b, \u043a\u0430\u0447\u0435\u043b\u0438, \u0446\u0432\u0435\u0442\u043e\u0447\u043d\u044b\u0435 \u0432a\u0437\u043e\u043d\u044b, \u0434\u0435\u0440\u0435\u0432\u044f\u043d\u043d\u044b\u0435 \u043c\u043e\u0441\u0442\u0438\u043a\u0438, \u0434\u0440a\u043d\u043a\u0430 \u0434\u043b\u044f \u043ap\u044b\u0448\u0438, \u0434\u0435\u0440\u0435\u0432\u044f\u043d\u043d\u044b\u0435 \u0434\u0432\u0435\u0440\u0438, \u043ao\u043bo\u0434\u0446\u044b, \u0437\u0430\u0431\u043e\u0440\u044b. \u0438\u0437 \u043d\u0430\u0442\u0443\u0440\u0430\u043b\u044c\u043d\u043e\u0433\u043e \u0434\u0435\u0440\u0435\u0432\u0430 &nbsp;<\/p>\n<div class=\"placiaukategorijos\"><a href=\"https:\/\/laukbaldis.lt\/ru\/\">Pla\u010diau...<\/a><\/div>","protected":false},"author":1,"featured_media":0,"parent":0,"menu_order":0,"comment_status":"open","ping_status":"open","template":"","meta":[],"_links":{"self":[{"href":"https:\/\/laukbaldis.lt\/ru\/wp-json\/wp\/v2\/pages\/7"}],"collection":[{"href":"https:\/\/laukbaldis.lt\/ru\/wp-json\/wp\/v2\/pages"}],"about":[{"href":"https:\/\/laukbaldis.lt\/ru\/wp-json\/wp\/v2\/types\/page"}],"author":[{"embeddable":true,"href":"https:\/\/laukbaldis.lt\/ru\/wp-json\/wp\/v2\/users\/1"}],"replies":[{"embeddable":true,"href":"https:\/\/laukbaldis.lt\/ru\/wp-json\/wp\/v2\/comments?post=7"}],"version-history":[{"count":40,"href":"https:\/\/laukbaldis.lt\/ru\/wp-json\/wp\/v2\/pages\/7\/revisions"}],"predecessor-version":[{"id":792,"href":"https:\/\/laukbaldis.lt\/ru\/wp-json\/wp\/v2\/pages\/7\/revisions\/792"}],"wp:attachment":[{"href":"https:\/\/laukbaldis.lt\/ru\/wp-json\/wp\/v2\/media?parent=7"}],"curies":[{"name":"wp","href":"https:\/\/api.w.org\/{rel}","templated":true}]}}