{"id":96,"date":"2012-10-03T13:04:31","date_gmt":"2012-10-03T13:04:31","guid":{"rendered":"http:\/\/laukbaldis.lt\/ru\/?page_id=96"},"modified":"2017-04-04T08:11:32","modified_gmt":"2017-04-04T08:11:32","slug":"%d0%bb%d0%b0%d0%bc%d0%bf%d1%8b-%d0%bf%d0%be%d0%bb%d0%ba%d0%b8-%d0%ba%d0%be%d0%bc%d0%be%d0%b4%d1%8b-%d1%82%d1%83%d0%bc%d0%b1%d0%be%d1%87%d0%ba%d0%b0","status":"publish","type":"page","link":"https:\/\/laukbaldis.lt\/ru\/%d0%bb%d0%b0%d0%bc%d0%bf%d1%8b-%d0%bf%d0%be%d0%bb%d0%ba%d0%b8-%d0%ba%d0%be%d0%bc%d0%be%d0%b4%d1%8b-%d1%82%d1%83%d0%bc%d0%b1%d0%be%d1%87%d0%ba%d0%b0\/","title":{"rendered":"\u041b\u0430\u043c\u043f\u044b, \u043f\u043e\u043b\u043a\u0438,  \u043a\u043e\u043c\u043e\u0434\u044b \u2013 \u0442\u0443\u043c\u0431\u043e\u0447\u043a\u0430"},"content":{"rendered":"<div id=\"tekstas\">\n<style type='text\/css'>\n\t\t\t#gallery-1 {\n\t\t\t\tmargin: auto;\n\t\t\t}\n\t\t\t#gallery-1 .gallery-item {\n\t\t\t\tfloat: left;\n\t\t\t\tmargin-top: 10px;\n\t\t\t\ttext-align: center;\n\t\t\t\twidth: 33%;\n\t\t\t}\n\t\t\t#gallery-1 img {\n\t\t\t\tborder: 2px solid #cfcfcf;\n\t\t\t}\n\t\t\t#gallery-1 .gallery-caption {\n\t\t\t\tmargin-left: 0;\n\t\t\t}\n\t\t\t\/* see gallery_shortcode() in wp-includes\/media.php *\/\n\t\t<\/style>\n<div id='gallery-1' class='gallery galleryid-96 gallery-columns-3 gallery-size-thumbnail'>\n<dl class='gallery-item'>\n<dt class='gallery-icon landscape'>\n\t\t\t\t<a href='http:\/\/laukbaldis.lt\/wp-content\/uploads\/2012\/10\/KOMODA-SPINTEL\u00c4\u2013-Nr1.jpg' rel=\"lightbox[96]\"><img loading=\"lazy\" width=\"190\" height=\"190\" src=\"http:\/\/laukbaldis.lt\/wp-content\/uploads\/2012\/10\/KOMODA-SPINTEL\u00c4\u2013-Nr1-190x190.jpg\" class=\"attachment-thumbnail size-thumbnail\" alt=\"KOMODA-SPINTEL\u0116-Nr1\" aria-describedby=\"gallery-1-420\" \/><\/a>\n\t\t\t<\/dt>\n<dd class='wp-caption-text gallery-caption' id='gallery-1-420'>\n\t\t\t\tKOMODA-SPINTEL\u0116-Nr1\n\t\t\t\t<\/dd>\n<\/dl>\n<dl class='gallery-item'>\n<dt class='gallery-icon landscape'>\n\t\t\t\t<a href='http:\/\/laukbaldis.lt\/wp-content\/uploads\/2012\/10\/KOMODA-SPINTEL\u00c4\u2013-Nr2.jpg' rel=\"lightbox[96]\"><img loading=\"lazy\" width=\"190\" height=\"190\" src=\"http:\/\/laukbaldis.lt\/wp-content\/uploads\/2012\/10\/KOMODA-SPINTEL\u00c4\u2013-Nr2-190x190.jpg\" class=\"attachment-thumbnail size-thumbnail\" alt=\"KOMODA-SPINTEL\u0116-Nr2\" aria-describedby=\"gallery-1-421\" \/><\/a>\n\t\t\t<\/dt>\n<dd class='wp-caption-text gallery-caption' id='gallery-1-421'>\n\t\t\t\tKOMODA-SPINTEL\u0116-Nr2\n\t\t\t\t<\/dd>\n<\/dl>\n<dl class='gallery-item'>\n<dt class='gallery-icon landscape'>\n\t\t\t\t<a href='http:\/\/laukbaldis.lt\/wp-content\/uploads\/2012\/10\/KOMODA-SPINTEL\u00c4\u2013-Nr3.jpg' rel=\"lightbox[96]\"><img loading=\"lazy\" width=\"190\" height=\"190\" src=\"http:\/\/laukbaldis.lt\/wp-content\/uploads\/2012\/10\/KOMODA-SPINTEL\u00c4\u2013-Nr3-190x190.jpg\" class=\"attachment-thumbnail size-thumbnail\" alt=\"KOMODA-SPINTEL\u0116-Nr3\" aria-describedby=\"gallery-1-422\" \/><\/a>\n\t\t\t<\/dt>\n<dd class='wp-caption-text gallery-caption' id='gallery-1-422'>\n\t\t\t\tKOMODA-SPINTEL\u0116-Nr3\n\t\t\t\t<\/dd>\n<\/dl>\n<p><br style=\"clear: both\" \/><\/p>\n<dl class='gallery-item'>\n<dt class='gallery-icon portrait'>\n\t\t\t\t\t\t\t<a href='http:\/\/laukbaldis.lt\/wp-content\/uploads\/2012\/10\/LENTYN\u00c4\u2013L\u00c4\u2013.jpg' rel=\"lightbox[96]\"><img loading=\"lazy\" width=\"190\" height=\"190\" src=\"http:\/\/laukbaldis.lt\/wp-content\/uploads\/2012\/10\/LENTYN\u00c4\u2013L\u00c4\u2013-190x190.jpg\" class=\"attachment-thumbnail size-thumbnail\" alt=\"LENTYN\u0116L\u0116\" aria-describedby=\"gallery-1-425\" \/><\/a>\n\t\t\t<\/dt>\n<dd class='wp-caption-text gallery-caption' id='gallery-1-425'>\n\t\t\t\tLENTYN\u0116L\u0116\n\t\t\t\t<\/dd>\n<\/dl>\n<dl class='gallery-item'>\n<dt class='gallery-icon portrait'>\n\t\t\t\t<a href='http:\/\/laukbaldis.lt\/wp-content\/uploads\/2012\/10\/PAKABA.jpg' rel=\"lightbox[96]\"><img loading=\"lazy\" width=\"190\" height=\"190\" src=\"http:\/\/laukbaldis.lt\/wp-content\/uploads\/2012\/10\/PAKABA-190x190.jpg\" class=\"attachment-thumbnail size-thumbnail\" alt=\"PAKABA\" aria-describedby=\"gallery-1-428\" \/><\/a>\n\t\t\t<\/dt>\n<dd class='wp-caption-text gallery-caption' id='gallery-1-428'>\n\t\t\t\tPAKABA\n\t\t\t\t<\/dd>\n<\/dl>\n<dl class='gallery-item'>\n<dt class='gallery-icon landscape'>\n\t\t\t\t<a href='http:\/\/laukbaldis.lt\/wp-content\/uploads\/2012\/10\/%C3%85%C2%A0VIESTUVAI.jpg' rel=\"lightbox[96]\"><img loading=\"lazy\" width=\"190\" height=\"190\" src=\"http:\/\/laukbaldis.lt\/wp-content\/uploads\/2012\/10\/%C3%85%C2%A0VIESTUVAI-190x190.jpg\" class=\"attachment-thumbnail size-thumbnail\" alt=\"\u0160VIESTUVAI\" aria-describedby=\"gallery-1-431\" \/><\/a>\n\t\t\t<\/dt>\n<dd class='wp-caption-text gallery-caption' id='gallery-1-431'>\n\t\t\t\t\u0160VIESTUVAI\n\t\t\t\t<\/dd>\n<\/dl>\n<p><br style=\"clear: both\" \/><\/p>\n<dl class='gallery-item'>\n<dt class='gallery-icon landscape'>\n<a href='http:\/\/laukbaldis.lt\/wp-content\/uploads\/2012\/10\/LENTYN%C3%84%E2%80%93L%C3%84%E2%80%93S-%C3%85%C2%A0VIESTUVAS.jpg' rel=\"lightbox[96]\"><img loading=\"lazy\" width=\"190\" height=\"190\" src=\"http:\/\/laukbaldis.lt\/wp-content\/uploads\/2012\/10\/LENTYN%C3%84%E2%80%93L%C3%84%E2%80%93S-%C3%85%C2%A0VIESTUVAS-190x190.jpg\" class=\"attachment-thumbnail size-thumbnail\" alt=\"LENTYN\u0116L\u0116\u2013 \u0160VIESTUVAS\" aria-describedby=\"gallery-1-426\" \/><\/a>\n\t\t\t<\/dt>\n<dd class='wp-caption-text gallery-caption' id='gallery-1-426'>\n\t\t\t\tLENTYN\u0116L\u0116\u2013 \u0160VIESTUVAS\n\t\t\t\t<\/dd>\n<\/dl>\n<dl class='gallery-item'>\n<dt class='gallery-icon landscape'>\n\t\t\t\t<a href='http:\/\/laukbaldis.lt\/wp-content\/uploads\/2012\/10\/LENTYN\u00c4\u2013L\u00c4\u2013-PIRAMID\u00c4\u2013.jpg' rel=\"lightbox[96]\"><img loading=\"lazy\" width=\"190\" height=\"190\" src=\"http:\/\/laukbaldis.lt\/wp-content\/uploads\/2012\/10\/LENTYN\u00c4\u2013L\u00c4\u2013-PIRAMID\u00c4\u2013-190x190.jpg\" class=\"attachment-thumbnail size-thumbnail\" alt=\"LENTYN\u0116L\u0116-PIRAMID\u0116\" aria-describedby=\"gallery-1-424\" \/><\/a>\n\t\t\t<\/dt>\n<dd class='wp-caption-text gallery-caption' id='gallery-1-424'>\n\t\t\t\tLENTYN\u0116L\u0116-PIRAMID\u0116\n\t\t\t\t<\/dd>\n<\/dl>\n<dl class='gallery-item'>\n<dt class='gallery-icon portrait'>\n\t\t\t\t<a href='http:\/\/laukbaldis.lt\/wp-content\/uploads\/2012\/10\/SPINTELE-KAMPINE.jpg' rel=\"lightbox[96]\"><img loading=\"lazy\" width=\"190\" height=\"190\" src=\"http:\/\/laukbaldis.lt\/wp-content\/uploads\/2012\/10\/SPINTELE-KAMPINE-190x190.jpg\" class=\"attachment-thumbnail size-thumbnail\" alt=\"SPINTELE-KAMPINE\" aria-describedby=\"gallery-1-430\" \/><\/a>\n\t\t\t<\/dt>\n<dd class='wp-caption-text gallery-caption' id='gallery-1-430'>\n\t\t\t\tSPINTELE-KAMPINE\n\t\t\t\t<\/dd>\n<\/dl>\n<p><br style=\"clear: both\" \/><\/p>\n<dl class='gallery-item'>\n<dt class='gallery-icon landscape'>\n\t\t\t\t<a href='http:\/\/laukbaldis.lt\/wp-content\/uploads\/2012\/10\/LENTYN\u00c4\u2013L\u00c4\u2013-KAMPIN\u00c4\u2013.jpg' rel=\"lightbox[96]\"><img loading=\"lazy\" width=\"190\" height=\"190\" src=\"http:\/\/laukbaldis.lt\/wp-content\/uploads\/2012\/10\/LENTYN\u00c4\u2013L\u00c4\u2013-KAMPIN\u00c4\u2013-190x190.jpg\" class=\"attachment-thumbnail size-thumbnail\" alt=\"LENTYN\u0116L\u0116-KAMPIN\u0116\" aria-describedby=\"gallery-1-423\" \/><\/a>\n\t\t\t<\/dt>\n<dd class='wp-caption-text gallery-caption' id='gallery-1-423'>\n\t\t\t\tLENTYN\u0116L\u0116-KAMPIN\u0116\n\t\t\t\t<\/dd>\n<\/dl>\n<dl class='gallery-item'>\n<dt class='gallery-icon landscape'>\n\t\t\t\t<a href='http:\/\/laukbaldis.lt\/wp-content\/uploads\/2012\/10\/Skrynia.jpg' rel=\"lightbox[96]\"><img loading=\"lazy\" width=\"190\" height=\"190\" src=\"http:\/\/laukbaldis.lt\/wp-content\/uploads\/2012\/10\/Skrynia-190x190.jpg\" class=\"attachment-thumbnail size-thumbnail\" alt=\"Skrynia\" aria-describedby=\"gallery-1-429\" \/><\/a>\n\t\t\t<\/dt>\n<dd class='wp-caption-text gallery-caption' id='gallery-1-429'>\n\t\t\t\tSkrynia\n\t\t\t\t<\/dd>\n<\/dl>\n<dl class='gallery-item'>\n<dt class='gallery-icon landscape'>\n\t\t\t\t<a href='http:\/\/laukbaldis.lt\/wp-content\/uploads\/2012\/10\/PAKABA-1.jpg' rel=\"lightbox[96]\"><img loading=\"lazy\" width=\"190\" height=\"190\" src=\"http:\/\/laukbaldis.lt\/wp-content\/uploads\/2012\/10\/PAKABA-1-190x190.jpg\" class=\"attachment-thumbnail size-thumbnail\" alt=\"PAKABA-1\" aria-describedby=\"gallery-1-427\" \/><\/a>\n\t\t\t<\/dt>\n<dd class='wp-caption-text gallery-caption' id='gallery-1-427'>\n\t\t\t\tPAKABA-1\n\t\t\t\t<\/dd>\n<\/dl>\n<p><br style=\"clear: both\" \/><\/p>\n<dl class='gallery-item'>\n<dt class='gallery-icon portrait'>\n\t\t\t\t<a href='http:\/\/laukbaldis.lt\/wp-content\/uploads\/2012\/10\/AKABA-2.jpg' rel=\"lightbox[96]\"><img loading=\"lazy\" width=\"190\" height=\"190\" src=\"http:\/\/laukbaldis.lt\/wp-content\/uploads\/2012\/10\/AKABA-2-190x190.jpg\" class=\"attachment-thumbnail size-thumbnail\" alt=\"PAKABA-2\" aria-describedby=\"gallery-1-419\" \/><\/a>\n\t\t\t<\/dt>\n<dd class='wp-caption-text gallery-caption' id='gallery-1-419'>\n\t\t\t\tPAKABA-2\n\t\t\t\t<\/dd>\n<\/dl>\n<p>\t\t\t<br style='clear: both' \/>\n\t\t<\/div>\n","protected":false},"excerpt":{"rendered":"<p>KOMODA-SPINTEL\u0116-Nr1 KOMODA-SPINTEL\u0116-Nr2 KOMODA-SPINTEL\u0116-Nr3 LENTYN\u0116L\u0116 PAKABA \u0160VIESTUVAI LENTYN\u0116L\u0116\u2013 \u0160VIESTUVAS LENTYN\u0116L\u0116-PIRAMID\u0116 SPINTELE-KAMPINE LENTYN\u0116L\u0116-KAMPIN\u0116 Skrynia PAKABA-1 PAKABA-2<\/p>\n<div class=\"placiaukategorijos\"><a href=\"https:\/\/laukbaldis.lt\/ru\/%d0%bb%d0%b0%d0%bc%d0%bf%d1%8b-%d0%bf%d0%be%d0%bb%d0%ba%d0%b8-%d0%ba%d0%be%d0%bc%d0%be%d0%b4%d1%8b-%d1%82%d1%83%d0%bc%d0%b1%d0%be%d1%87%d0%ba%d0%b0\/\">Pla\u010diau...<\/a><\/div>","protected":false},"author":1,"featured_media":0,"parent":0,"menu_order":0,"comment_status":"open","ping_status":"open","template":"","meta":[],"_links":{"self":[{"href":"https:\/\/laukbaldis.lt\/ru\/wp-json\/wp\/v2\/pages\/96"}],"collection":[{"href":"https:\/\/laukbaldis.lt\/ru\/wp-json\/wp\/v2\/pages"}],"about":[{"href":"https:\/\/laukbaldis.lt\/ru\/wp-json\/wp\/v2\/types\/page"}],"author":[{"embeddable":true,"href":"https:\/\/laukbaldis.lt\/ru\/wp-json\/wp\/v2\/users\/1"}],"replies":[{"embeddable":true,"href":"https:\/\/laukbaldis.lt\/ru\/wp-json\/wp\/v2\/comments?post=96"}],"version-history":[{"count":18,"href":"https:\/\/laukbaldis.lt\/ru\/wp-json\/wp\/v2\/pages\/96\/revisions"}],"predecessor-version":[{"id":781,"href":"https:\/\/laukbaldis.lt\/ru\/wp-json\/wp\/v2\/pages\/96\/revisions\/781"}],"wp:attachment":[{"href":"https:\/\/laukbaldis.lt\/ru\/wp-json\/wp\/v2\/media?parent=96"}],"curies":[{"name":"wp","href":"https:\/\/api.w.org\/{rel}","templated":true}]}}