{"id":98,"date":"2012-10-03T13:04:42","date_gmt":"2012-10-03T13:04:42","guid":{"rendered":"http:\/\/laukbaldis.lt\/ru\/?page_id=98"},"modified":"2017-04-04T08:24:25","modified_gmt":"2017-04-04T08:24:25","slug":"%d0%bao%d0%bbo%d0%b4e%d1%86","status":"publish","type":"page","link":"https:\/\/laukbaldis.lt\/ru\/%d0%bao%d0%bbo%d0%b4e%d1%86\/","title":{"rendered":"\u041ao\u043bo\u0434e\u0446"},"content":{"rendered":"<div id=\"tekstas\">\n<style type='text\/css'>\n\t\t\t#gallery-1 {\n\t\t\t\tmargin: auto;\n\t\t\t}\n\t\t\t#gallery-1 .gallery-item {\n\t\t\t\tfloat: left;\n\t\t\t\tmargin-top: 10px;\n\t\t\t\ttext-align: center;\n\t\t\t\twidth: 33%;\n\t\t\t}\n\t\t\t#gallery-1 img {\n\t\t\t\tborder: 2px solid #cfcfcf;\n\t\t\t}\n\t\t\t#gallery-1 .gallery-caption {\n\t\t\t\tmargin-left: 0;\n\t\t\t}\n\t\t\t\/* see gallery_shortcode() in wp-includes\/media.php *\/\n\t\t<\/style>\n<div id='gallery-1' class='gallery galleryid-98 gallery-columns-3 gallery-size-thumbnail'>\n<dl class='gallery-item'>\n<dt class='gallery-icon landscape'>\n\t\t\t\t<a href='http:\/\/laukbaldis.lt\/wp-content\/uploads\/2012\/10\/\u00c5%C2%A0ULINYS-Nr1.jpg' rel=\"lightbox[98]\"><img loading=\"lazy\" width=\"190\" height=\"190\" src=\"http:\/\/laukbaldis.lt\/wp-content\/uploads\/2012\/10\/\u00c5%C2%A0ULINYS-Nr1-190x190.jpg\" class=\"attachment-thumbnail size-thumbnail\" alt=\"\u0160ULINYS-Nr1\" aria-describedby=\"gallery-1-406\" \/><\/a>\n\t\t\t<\/dt>\n<dd class='wp-caption-text gallery-caption' id='gallery-1-406'>\n\t\t\t\t\u0160ULINYS-Nr1\n\t\t\t\t<\/dd>\n<\/dl>\n<dl class='gallery-item'>\n<dt class='gallery-icon landscape'>\n\t\t\t\t<a href='http:\/\/laukbaldis.lt\/wp-content\/uploads\/2012\/10\/\u00c5%C2%A0ULINYS-\u00c4\u201e\u00c5\u00bdUOLINIS-Nr2.jpg' rel=\"lightbox[98]\"><img loading=\"lazy\" width=\"190\" height=\"190\" src=\"http:\/\/laukbaldis.lt\/wp-content\/uploads\/2012\/10\/\u00c5%C2%A0ULINYS-\u00c4\u201e\u00c5\u00bdUOLINIS-Nr2-190x190.jpg\" class=\"attachment-thumbnail size-thumbnail\" alt=\"\u0160ULINYS \u0104\u017dUOLINIS-Nr2\" aria-describedby=\"gallery-1-408\" \/><\/a>\n\t\t\t<\/dt>\n<dd class='wp-caption-text gallery-caption' id='gallery-1-408'>\n\t\t\t\t\u0160ULINYS \u0104\u017dUOLINIS-Nr2\n\t\t\t\t<\/dd>\n<\/dl>\n<dl class='gallery-item'>\n<dt class='gallery-icon landscape'>\n\t\t\t\t<a href='http:\/\/laukbaldis.lt\/wp-content\/uploads\/2012\/10\/\u00c5%C2%A0ULINYS-Nr3.jpg' rel=\"lightbox[98]\"><img loading=\"lazy\" width=\"190\" height=\"190\" src=\"http:\/\/laukbaldis.lt\/wp-content\/uploads\/2012\/10\/\u00c5%C2%A0ULINYS-Nr3-190x190.jpg\" class=\"attachment-thumbnail size-thumbnail\" alt=\"\u0160ULINYS-Nr3\" aria-describedby=\"gallery-1-407\" \/><\/a>\n\t\t\t<\/dt>\n<dd class='wp-caption-text gallery-caption' id='gallery-1-407'>\n\t\t\t\t\u0160ULINYS-Nr3\n\t\t\t\t<\/dd>\n<\/dl>\n<p><br style=\"clear: both\" \/><\/p>\n<dl class='gallery-item'>\n<dt class='gallery-icon landscape'>\n\t\t\t\t<a href='http:\/\/laukbaldis.lt\/wp-content\/uploads\/2012\/10\/\u00c5%C2%A0ULINYS-Nr-4.jpg' rel=\"lightbox[98]\"><img loading=\"lazy\" width=\"190\" height=\"190\" src=\"http:\/\/laukbaldis.lt\/wp-content\/uploads\/2012\/10\/\u00c5%C2%A0ULINYS-Nr-4-190x190.jpg\" class=\"attachment-thumbnail size-thumbnail\" alt=\"\u0160ULINYS-Nr-4\" aria-describedby=\"gallery-1-403\" \/><\/a>\n\t\t\t<\/dt>\n<dd class='wp-caption-text gallery-caption' id='gallery-1-403'>\n\t\t\t\t\u0160ULINYS-Nr-4\n\t\t\t\t<\/dd>\n<\/dl>\n<dl class='gallery-item'>\n<dt class='gallery-icon landscape'>\n\t\t\t\t<a href='http:\/\/laukbaldis.lt\/wp-content\/uploads\/2012\/10\/\u00c5%C2%A0ULINYS-Nr-5.jpg' rel=\"lightbox[98]\"><img loading=\"lazy\" width=\"190\" height=\"190\" src=\"http:\/\/laukbaldis.lt\/wp-content\/uploads\/2012\/10\/\u00c5%C2%A0ULINYS-Nr-5-190x190.jpg\" class=\"attachment-thumbnail size-thumbnail\" alt=\"\u0160ULINYS-Nr-5\" aria-describedby=\"gallery-1-404\" \/><\/a>\n\t\t\t<\/dt>\n<dd class='wp-caption-text gallery-caption' id='gallery-1-404'>\n\t\t\t\t\u0160ULINYS-Nr-5\n\t\t\t\t<\/dd>\n<\/dl>\n<dl class='gallery-item'>\n<dt class='gallery-icon landscape'>\n\t\t\t\t<a href='http:\/\/laukbaldis.lt\/wp-content\/uploads\/2012\/10\/\u00c5%C2%A0ULINYS-Nr-6.jpg' rel=\"lightbox[98]\"><img loading=\"lazy\" width=\"190\" height=\"190\" src=\"http:\/\/laukbaldis.lt\/wp-content\/uploads\/2012\/10\/\u00c5%C2%A0ULINYS-Nr-6-190x190.jpg\" class=\"attachment-thumbnail size-thumbnail\" alt=\"\u0160ULINYS-Nr-6\" aria-describedby=\"gallery-1-405\" \/><\/a>\n\t\t\t<\/dt>\n<dd class='wp-caption-text gallery-caption' id='gallery-1-405'>\n\t\t\t\t\u0160ULINYS-Nr-6\n\t\t\t\t<\/dd>\n<\/dl>\n<p><br style=\"clear: both\" \/>\n\t\t<\/div>\n","protected":false},"excerpt":{"rendered":"<p>\u0160ULINYS-Nr1 \u0160ULINYS \u0104\u017dUOLINIS-Nr2 \u0160ULINYS-Nr3 \u0160ULINYS-Nr-4 \u0160ULINYS-Nr-5 \u0160ULINYS-Nr-6<\/p>\n<div class=\"placiaukategorijos\"><a href=\"https:\/\/laukbaldis.lt\/ru\/%d0%bao%d0%bbo%d0%b4e%d1%86\/\">Pla\u010diau...<\/a><\/div>","protected":false},"author":1,"featured_media":0,"parent":0,"menu_order":0,"comment_status":"open","ping_status":"open","template":"","meta":[],"_links":{"self":[{"href":"https:\/\/laukbaldis.lt\/ru\/wp-json\/wp\/v2\/pages\/98"}],"collection":[{"href":"https:\/\/laukbaldis.lt\/ru\/wp-json\/wp\/v2\/pages"}],"about":[{"href":"https:\/\/laukbaldis.lt\/ru\/wp-json\/wp\/v2\/types\/page"}],"author":[{"embeddable":true,"href":"https:\/\/laukbaldis.lt\/ru\/wp-json\/wp\/v2\/users\/1"}],"replies":[{"embeddable":true,"href":"https:\/\/laukbaldis.lt\/ru\/wp-json\/wp\/v2\/comments?post=98"}],"version-history":[{"count":13,"href":"https:\/\/laukbaldis.lt\/ru\/wp-json\/wp\/v2\/pages\/98\/revisions"}],"predecessor-version":[{"id":785,"href":"https:\/\/laukbaldis.lt\/ru\/wp-json\/wp\/v2\/pages\/98\/revisions\/785"}],"wp:attachment":[{"href":"https:\/\/laukbaldis.lt\/ru\/wp-json\/wp\/v2\/media?parent=98"}],"curies":[{"name":"wp","href":"https:\/\/api.w.org\/{rel}","templated":true}]}}